{"id":374,"date":"2025-11-24T08:39:36","date_gmt":"2025-11-24T08:39:36","guid":{"rendered":"https:\/\/upperweb.com.br\/agropro\/?page_id=374"},"modified":"2025-11-24T08:43:48","modified_gmt":"2025-11-24T08:43:48","slug":"inteligencia-agronomica","status":"publish","type":"page","link":"https:\/\/upperweb.com.br\/agropro\/es\/inteligencia-agronomica\/","title":{"rendered":"Inteligencia agron\u00f3mica"},"content":{"rendered":"\t\t<div data-elementor-type=\"wp-page\" data-elementor-id=\"374\" class=\"elementor elementor-374\" data-elementor-settings=\"{&quot;ha_cmc_init_switcher&quot;:&quot;no&quot;}\" data-elementor-post-type=\"page\">\n\t\t\t\t<div class=\"elementor-element elementor-element-fc365f0 e-flex e-con-boxed e-con e-parent\" data-id=\"fc365f0\" data-element_type=\"container\" data-settings=\"{&quot;background_background&quot;:&quot;classic&quot;,&quot;_ha_eqh_enable&quot;:false}\">\n\t\t\t\t\t<div class=\"e-con-inner\">\n\t\t\t\t<div class=\"elementor-element elementor-element-327fda0 animated-slow elementor-invisible elementor-widget elementor-widget-text-editor\" data-id=\"327fda0\" data-element_type=\"widget\" data-settings=\"{&quot;_animation&quot;:&quot;fadeIn&quot;}\" data-widget_type=\"text-editor.default\">\n\t\t\t\t\t\t\t\t\tUna inteligencia agron\u00f3mica \u00fanica para cada cultivo\t\t\t\t\t\t\t\t<\/div>\n\t\t\t\t<div class=\"elementor-element elementor-element-ba69d5f animated-slow elementor-invisible elementor-widget elementor-widget-text-editor\" data-id=\"ba69d5f\" data-element_type=\"widget\" data-settings=\"{&quot;_animation&quot;:&quot;fadeInUp&quot;}\" data-widget_type=\"text-editor.default\">\n\t\t\t\t\t\t\t\t\tSabemos d\u00f3nde mirar y qu\u00e9 es importante evaluar\t\t\t\t\t\t\t\t<\/div>\n\t\t\t\t\t<\/div>\n\t\t\t\t<\/div>\n\t\t<div class=\"elementor-element elementor-element-4a5c46b e-flex e-con-boxed e-con e-parent\" data-id=\"4a5c46b\" data-element_type=\"container\" data-settings=\"{&quot;_ha_eqh_enable&quot;:false}\">\n\t\t\t\t\t<div class=\"e-con-inner\">\n\t\t\t\t<div class=\"elementor-element elementor-element-64bebc3 animated-slow elementor-invisible elementor-widget elementor-widget-text-editor\" data-id=\"64bebc3\" data-element_type=\"widget\" data-settings=\"{&quot;_animation&quot;:&quot;fadeInUp&quot;}\" data-widget_type=\"text-editor.default\">\n\t\t\t\t\t\t\t\t\t<p>La plataforma AgroPro Monitor se basa en el Manejo Integrado de Plagas (MIP), fortaleciendo los medios no qu\u00edmicos de control esenciales para el manejo de plagas y enfermedades. El uso racional de pesticidas causa menos impacto en el medio ambiente y menos efecto residual en los alimentos, y permite la acci\u00f3n de la naturaleza en el equilibrio de las poblaciones de plagas.<\/p><p>El monitor permite la anticipaci\u00f3n de problemas fitosanitarios y la adaptaci\u00f3n a la realidad agron\u00f3mica del \u00e1rea, permitiendo decisiones basadas en encuestas cient\u00edficas de poblaciones de insectos, \u00e1caros y enfermedades, combinadas con el valor de la producci\u00f3n del \u00e1rea y el costo de cualquier tratamiento.<\/p><p>Con una inteligencia agron\u00f3mica \u00fanica, desarrollada durante 30 a\u00f1os de investigaci\u00f3n cient\u00edfica y pr\u00e1ctica en cultivos en todo Brasil, AgroPro Monitor tiene metodolog\u00edas espec\u00edficas para evaluar problemas de campo, niveles de acci\u00f3n \u00fanicos y criticidad en la interpretaci\u00f3n de los datos recopilados para cada uno. proporcionando resultados precisos para la toma de decisiones en el uso racional de pesticidas y el uso de biodefensivos.<\/p>\t\t\t\t\t\t\t\t<\/div>\n\t\t\t\t<div class=\"elementor-element elementor-element-0c97c09 animated-slow elementor-invisible elementor-widget elementor-widget-text-editor\" data-id=\"0c97c09\" data-element_type=\"widget\" data-settings=\"{&quot;_animation&quot;:&quot;fadeIn&quot;}\" data-widget_type=\"text-editor.default\">\n\t\t\t\t\t\t\t\t\tSoluci\u00f3n Probada\t\t\t\t\t\t\t\t<\/div>\n\t\t\t\t<div class=\"elementor-element elementor-element-e7f4125 animated-slow elementor-invisible elementor-widget elementor-widget-be-timeline\" data-id=\"e7f4125\" data-element_type=\"widget\" data-settings=\"{&quot;_animation&quot;:&quot;fadeIn&quot;}\" data-widget_type=\"be-timeline.default\">\n\t\t\t\t<div class=\"elementor-widget-container\">\n\t\t\t\t\t<ul class=\"be-pack timeline\">\t\t\t<li class=\"timeline-right\">\n\t\t\t \n\t\t\t<div class=\"tl-circ\"><\/div>\n\t\t\t  <div class=\"timeline-panel\">\n\t\t\t\t<div class=\"tl-heading\">\n\t\t\t\t\t<div class=\"tl-content\">\n\t\t\t\t\t\t\t\t\t\t\t\t<div class=\"be-desc\">\n\t\t\t\t\t\t<h2 class=\"be-title\">Concepci\u00f3n de la idea<\/h2>\t\t\t\t\t\t<div class=\"be-content\">\n\t\t\t\t\t\t\tMarcha 1987 \n\t\t\t\t\t\t<\/div>\n\t\t\t\t\t\t<\/div>\n\t\t\t\t\t<\/div>\n\t\t\t\t<\/div>\n\t\t\t  <\/div>\n\t\t\t<\/li>\n\t\t\t\t\t\t\t<li class=\"timeline-inverted\">\n\t\t\t \n\t\t\t<div class=\"tl-circ\"><\/div>\n\t\t\t  <div class=\"timeline-panel\">\n\t\t\t\t<div class=\"tl-heading\">\n\t\t\t\t\t<div class=\"tl-content\">\n\t\t\t\t\t\t\t\t\t\t\t\t<div class=\"be-desc\">\n\t\t\t\t\t\t<h2 class=\"be-title\">Primera versi\u00f3n en papel y excel (600 ha de col)<\/h2>\t\t\t\t\t\t<div class=\"be-content\">\n\t\t\t\t\t\t\tFebrero 2000 \n\t\t\t\t\t\t<\/div>\n\t\t\t\t\t\t<\/div>\n\t\t\t\t\t<\/div>\n\t\t\t\t<\/div>\n\t\t\t  <\/div>\n\t\t\t<\/li>\n\t\t\t\t\t\t<li class=\"timeline-right\">\n\t\t\t \n\t\t\t<div class=\"tl-circ\"><\/div>\n\t\t\t  <div class=\"timeline-panel\">\n\t\t\t\t<div class=\"tl-heading\">\n\t\t\t\t\t<div class=\"tl-content\">\n\t\t\t\t\t\t\t\t\t\t\t\t<div class=\"be-desc\">\n\t\t\t\t\t\t<h2 class=\"be-title\">Segunda versi\u00f3n en papel y excel (600 ha tomate)<\/h2>\t\t\t\t\t\t<div class=\"be-content\">\n\t\t\t\t\t\t\tSeptiembre 2002 \n\t\t\t\t\t\t<\/div>\n\t\t\t\t\t\t<\/div>\n\t\t\t\t\t<\/div>\n\t\t\t\t<\/div>\n\t\t\t  <\/div>\n\t\t\t<\/li>\n\t\t\t\t\t\t\t<li class=\"timeline-inverted\">\n\t\t\t \n\t\t\t<div class=\"tl-circ\"><\/div>\n\t\t\t  <div class=\"timeline-panel\">\n\t\t\t\t<div class=\"tl-heading\">\n\t\t\t\t\t<div class=\"tl-content\">\n\t\t\t\t\t\t\t\t\t\t\t\t<div class=\"be-desc\">\n\t\t\t\t\t\t<h2 class=\"be-title\">Tercera versi\u00f3n en papel y excel, y Palmtop (4 mil ha de granos y vegetales)<\/h2>\t\t\t\t\t\t<div class=\"be-content\">\n\t\t\t\t\t\t\tFebrero 2003 \n\t\t\t\t\t\t<\/div>\n\t\t\t\t\t\t<\/div>\n\t\t\t\t\t<\/div>\n\t\t\t\t<\/div>\n\t\t\t  <\/div>\n\t\t\t<\/li>\n\t\t\t\t\t\t<li class=\"timeline-right\">\n\t\t\t \n\t\t\t<div class=\"tl-circ\"><\/div>\n\t\t\t  <div class=\"timeline-panel\">\n\t\t\t\t<div class=\"tl-heading\">\n\t\t\t\t\t<div class=\"tl-content\">\n\t\t\t\t\t\t\t\t\t\t\t\t<div class=\"be-desc\">\n\t\t\t\t\t\t<h2 class=\"be-title\">Cuarta versi\u00f3n y primera versi\u00f3n de Java (40 mil ha)<\/h2>\t\t\t\t\t\t<div class=\"be-content\">\n\t\t\t\t\t\t\t<p>Agosto 2012<\/p> \n\t\t\t\t\t\t<\/div>\n\t\t\t\t\t\t<\/div>\n\t\t\t\t\t<\/div>\n\t\t\t\t<\/div>\n\t\t\t  <\/div>\n\t\t\t<\/li>\n\t\t\t\t\t\t\t<li class=\"timeline-inverted\">\n\t\t\t \n\t\t\t<div class=\"tl-circ\"><\/div>\n\t\t\t  <div class=\"timeline-panel\">\n\t\t\t\t<div class=\"tl-heading\">\n\t\t\t\t\t<div class=\"tl-content\">\n\t\t\t\t\t\t\t\t\t\t\t\t<div class=\"be-desc\">\n\t\t\t\t\t\t<h2 class=\"be-title\">Segunda versi\u00f3n de Java (50 mil ha)<\/h2>\t\t\t\t\t\t<div class=\"be-content\">\n\t\t\t\t\t\t\tAgosto 2013 \n\t\t\t\t\t\t<\/div>\n\t\t\t\t\t\t<\/div>\n\t\t\t\t\t<\/div>\n\t\t\t\t<\/div>\n\t\t\t  <\/div>\n\t\t\t<\/li>\n\t\t\t\t\t\t<li class=\"timeline-right\">\n\t\t\t \n\t\t\t<div class=\"tl-circ\"><\/div>\n\t\t\t  <div class=\"timeline-panel\">\n\t\t\t\t<div class=\"tl-heading\">\n\t\t\t\t\t<div class=\"tl-content\">\n\t\t\t\t\t\t\t\t\t\t\t\t<div class=\"be-desc\">\n\t\t\t\t\t\t<h2 class=\"be-title\">M\u00f3dulos de otras culturas<\/h2>\t\t\t\t\t\t<div class=\"be-content\">\n\t\t\t\t\t\t\tAgosto 2014 \n\t\t\t\t\t\t<\/div>\n\t\t\t\t\t\t<\/div>\n\t\t\t\t\t<\/div>\n\t\t\t\t<\/div>\n\t\t\t  <\/div>\n\t\t\t<\/li>\n\t\t\t\t\t\t\t<li class=\"timeline-inverted\">\n\t\t\t \n\t\t\t<div class=\"tl-circ\"><\/div>\n\t\t\t  <div class=\"timeline-panel\">\n\t\t\t\t<div class=\"tl-heading\">\n\t\t\t\t\t<div class=\"tl-content\">\n\t\t\t\t\t\t\t\t\t\t\t\t<div class=\"be-desc\">\n\t\t\t\t\t\t<h2 class=\"be-title\">60 mil ha en todo Brasil<\/h2>\t\t\t\t\t\t<div class=\"be-content\">\n\t\t\t\t\t\t\t<p>Octubre 2015<\/p> \n\t\t\t\t\t\t<\/div>\n\t\t\t\t\t\t<\/div>\n\t\t\t\t\t<\/div>\n\t\t\t\t<\/div>\n\t\t\t  <\/div>\n\t\t\t<\/li>\n\t\t\t\t\t\t<li class=\"timeline-right\">\n\t\t\t \n\t\t\t<div class=\"tl-circ\"><\/div>\n\t\t\t  <div class=\"timeline-panel\">\n\t\t\t\t<div class=\"tl-heading\">\n\t\t\t\t\t<div class=\"tl-content\">\n\t\t\t\t\t\t<div class=\"timeline_pic pull-left\"><img decoding=\"async\" width=\"300\" height=\"62\" src=\"https:\/\/upperweb.com.br\/agropro\/wp-content\/uploads\/2025\/11\/logos_agropro_color-300x62.png\" class=\"be-image\" \/><\/div>\t\t\t\t\t\t<div class=\"be-desc\">\n\t\t\t\t\t\t<h2 class=\"be-title\"><\/h2>\t\t\t\t\t\t<div class=\"be-content\">\n\t\t\t\t\t\t\t<p>Octubre 2017<\/p> \n\t\t\t\t\t\t<\/div>\n\t\t\t\t\t\t<\/div>\n\t\t\t\t\t<\/div>\n\t\t\t\t<\/div>\n\t\t\t  <\/div>\n\t\t\t<\/li>\n\t\t\t \n      <\/ul>\n\n\t\t\t\t\t<\/div>\n\t\t\t\t<\/div>\n\t\t\t\t\t<\/div>\n\t\t\t\t<\/div>\n\t\t\t\t<\/div>\n\t\t","protected":false},"excerpt":{"rendered":"<p>Una inteligencia agron\u00f3mica \u00fanica para cada cultivoSabemos d\u00f3nde mirar y qu\u00e9 es importante evaluar La plataforma AgroPro Monitor se basa en el Manejo Integrado de Plagas (MIP), fortaleciendo los medios no qu\u00edmicos de control esenciales para el manejo de plagas y enfermedades. El uso racional de pesticidas causa menos impacto en el medio ambiente y [&hellip;]<\/p>\n","protected":false},"author":1,"featured_media":0,"parent":327,"menu_order":0,"comment_status":"closed","ping_status":"closed","template":"","meta":{"footnotes":""},"class_list":["post-374","page","type-page","status-publish","hentry"],"_links":{"self":[{"href":"https:\/\/upperweb.com.br\/agropro\/wp-json\/wp\/v2\/pages\/374","targetHints":{"allow":["GET"]}}],"collection":[{"href":"https:\/\/upperweb.com.br\/agropro\/wp-json\/wp\/v2\/pages"}],"about":[{"href":"https:\/\/upperweb.com.br\/agropro\/wp-json\/wp\/v2\/types\/page"}],"author":[{"embeddable":true,"href":"https:\/\/upperweb.com.br\/agropro\/wp-json\/wp\/v2\/users\/1"}],"replies":[{"embeddable":true,"href":"https:\/\/upperweb.com.br\/agropro\/wp-json\/wp\/v2\/comments?post=374"}],"version-history":[{"count":4,"href":"https:\/\/upperweb.com.br\/agropro\/wp-json\/wp\/v2\/pages\/374\/revisions"}],"predecessor-version":[{"id":434,"href":"https:\/\/upperweb.com.br\/agropro\/wp-json\/wp\/v2\/pages\/374\/revisions\/434"}],"up":[{"embeddable":true,"href":"https:\/\/upperweb.com.br\/agropro\/wp-json\/wp\/v2\/pages\/327"}],"wp:attachment":[{"href":"https:\/\/upperweb.com.br\/agropro\/wp-json\/wp\/v2\/media?parent=374"}],"curies":[{"name":"wp","href":"https:\/\/api.w.org\/{rel}","templated":true}]}}