{"id":372,"date":"2025-11-24T08:16:54","date_gmt":"2025-11-24T08:16:54","guid":{"rendered":"https:\/\/upperweb.com.br\/agropro\/?page_id=372"},"modified":"2025-11-24T08:22:39","modified_gmt":"2025-11-24T08:22:39","slug":"granos","status":"publish","type":"page","link":"https:\/\/upperweb.com.br\/agropro\/es\/granos\/","title":{"rendered":"granos"},"content":{"rendered":"\t\t<div data-elementor-type=\"wp-page\" data-elementor-id=\"372\" class=\"elementor elementor-372\" data-elementor-settings=\"{&quot;ha_cmc_init_switcher&quot;:&quot;no&quot;}\" data-elementor-post-type=\"page\">\n\t\t\t\t<div class=\"elementor-element elementor-element-fc365f0 e-flex e-con-boxed e-con e-parent\" data-id=\"fc365f0\" data-element_type=\"container\" data-settings=\"{&quot;background_background&quot;:&quot;classic&quot;,&quot;_ha_eqh_enable&quot;:false}\">\n\t\t\t\t\t<div class=\"e-con-inner\">\n\t\t\t\t<div class=\"elementor-element elementor-element-327fda0 animated-slow elementor-invisible elementor-widget elementor-widget-text-editor\" data-id=\"327fda0\" data-element_type=\"widget\" data-settings=\"{&quot;_animation&quot;:&quot;fadeIn&quot;}\" data-widget_type=\"text-editor.default\">\n\t\t\t\t\t\t\t\t\tGranos\t\t\t\t\t\t\t\t<\/div>\n\t\t\t\t<div class=\"elementor-element elementor-element-ba69d5f animated-slow elementor-invisible elementor-widget elementor-widget-text-editor\" data-id=\"ba69d5f\" data-element_type=\"widget\" data-settings=\"{&quot;_animation&quot;:&quot;fadeIn&quot;}\" data-widget_type=\"text-editor.default\">\n\t\t\t\t\t\t\t\t\tReduzca costos y aumente la rentabilidad\t\t\t\t\t\t\t\t<\/div>\n\t\t\t\t\t<\/div>\n\t\t\t\t<\/div>\n\t\t<div class=\"elementor-element elementor-element-4a5c46b e-flex e-con-boxed e-con e-parent\" data-id=\"4a5c46b\" data-element_type=\"container\" data-settings=\"{&quot;_ha_eqh_enable&quot;:false}\">\n\t\t\t\t\t<div class=\"e-con-inner\">\n\t\t<div class=\"elementor-element elementor-element-b3434e7 e-con-full animated-slow e-flex elementor-invisible e-con e-child\" data-id=\"b3434e7\" data-element_type=\"container\" data-settings=\"{&quot;animation&quot;:&quot;fadeInLeft&quot;,&quot;_ha_eqh_enable&quot;:false}\">\n\t\t<div class=\"elementor-element elementor-element-83007be e-con-full e-flex e-con e-child\" data-id=\"83007be\" data-element_type=\"container\" data-settings=\"{&quot;_ha_eqh_enable&quot;:false}\">\n\t\t\t\t<div class=\"elementor-element elementor-element-b42211a elementor-widget elementor-widget-image\" data-id=\"b42211a\" data-element_type=\"widget\" data-widget_type=\"image.default\">\n\t\t\t\t\t\t\t\t\t\t\t\t\t\t\t<img decoding=\"async\" width=\"39\" height=\"33\" src=\"https:\/\/upperweb.com.br\/agropro\/wp-content\/uploads\/2025\/11\/rentability-icon.svg\" class=\"attachment-large size-large wp-image-268\" alt=\"\" \/>\t\t\t\t\t\t\t\t\t\t\t\t\t\t\t<\/div>\n\t\t\t\t<\/div>\n\t\t<div class=\"elementor-element elementor-element-4e1d71b e-con-full e-flex e-con e-child\" data-id=\"4e1d71b\" data-element_type=\"container\" data-settings=\"{&quot;_ha_eqh_enable&quot;:false}\">\n\t\t\t\t<div class=\"elementor-element elementor-element-50cc74f elementor-widget elementor-widget-text-editor\" data-id=\"50cc74f\" data-element_type=\"widget\" data-widget_type=\"text-editor.default\">\n\t\t\t\t\t\t\t\t\tAumenta tu rentabilidad\t\t\t\t\t\t\t\t<\/div>\n\t\t\t\t<div class=\"elementor-element elementor-element-35c9bc6 elementor-widget elementor-widget-text-editor\" data-id=\"35c9bc6\" data-element_type=\"widget\" data-widget_type=\"text-editor.default\">\n\t\t\t\t\t\t\t\t\tEl monitoreo es clave para el uso racional de cualquier m\u00e9todo de control, ya sea biodefensivo o defensivo. A trav\u00e9s de los niveles de criticidad de AgroPro Monitor es posible saber si es realmente necesario aplicar.\t\t\t\t\t\t\t\t<\/div>\n\t\t\t\t<\/div>\n\t\t\t\t<\/div>\n\t\t<div class=\"elementor-element elementor-element-9850e5d e-con-full animated-slow e-flex elementor-invisible e-con e-child\" data-id=\"9850e5d\" data-element_type=\"container\" data-settings=\"{&quot;animation&quot;:&quot;fadeInRight&quot;,&quot;_ha_eqh_enable&quot;:false}\">\n\t\t<div class=\"elementor-element elementor-element-14de96f e-con-full e-flex e-con e-child\" data-id=\"14de96f\" data-element_type=\"container\" data-settings=\"{&quot;_ha_eqh_enable&quot;:false}\">\n\t\t\t\t<div class=\"elementor-element elementor-element-27e80f5 elementor-widget-mobile__width-initial elementor-widget elementor-widget-image\" data-id=\"27e80f5\" data-element_type=\"widget\" data-widget_type=\"image.default\">\n\t\t\t\t\t\t\t\t\t\t\t\t\t\t\t<img decoding=\"async\" width=\"40\" height=\"40\" src=\"https:\/\/upperweb.com.br\/agropro\/wp-content\/uploads\/2025\/11\/insect-and-bacterie-icon.svg\" class=\"attachment-large size-large wp-image-266\" alt=\"\" \/>\t\t\t\t\t\t\t\t\t\t\t\t\t\t\t<\/div>\n\t\t\t\t<\/div>\n\t\t<div class=\"elementor-element elementor-element-9fddfd5 e-con-full e-flex e-con e-child\" data-id=\"9fddfd5\" data-element_type=\"container\" data-settings=\"{&quot;_ha_eqh_enable&quot;:false}\">\n\t\t\t\t<div class=\"elementor-element elementor-element-9953da4 elementor-widget elementor-widget-text-editor\" data-id=\"9953da4\" data-element_type=\"widget\" data-widget_type=\"text-editor.default\">\n\t\t\t\t\t\t\t\t\tAplique biopesticidas e monitore inimigos naturais com seguran\u00e7a\t\t\t\t\t\t\t\t<\/div>\n\t\t\t\t<div class=\"elementor-element elementor-element-5fd9c8b elementor-widget elementor-widget-text-editor\" data-id=\"5fd9c8b\" data-element_type=\"widget\" data-widget_type=\"text-editor.default\">\n\t\t\t\t\t\t\t\t\tEl monitoreo de plagas es esencial para la aplicaci\u00f3n de biodefensivos y enemigos naturales. Debido a que es el uso de organismos vivos para combatir a otros, el momento adecuado para hacer uso de estos productos es a\u00fan m\u00e1s importante. La capacidad de monitoreo refinada de AgroPro Monitor privilegia el uso de este m\u00e9todo de control.\t\t\t\t\t\t\t\t<\/div>\n\t\t\t\t<\/div>\n\t\t\t\t<\/div>\n\t\t<div class=\"elementor-element elementor-element-e458f85 e-con-full animated-slow e-flex elementor-invisible e-con e-child\" data-id=\"e458f85\" data-element_type=\"container\" data-settings=\"{&quot;animation&quot;:&quot;fadeInLeft&quot;,&quot;_ha_eqh_enable&quot;:false}\">\n\t\t<div class=\"elementor-element elementor-element-46f9d06 e-con-full e-flex e-con e-child\" data-id=\"46f9d06\" data-element_type=\"container\" data-settings=\"{&quot;_ha_eqh_enable&quot;:false}\">\n\t\t\t\t<div class=\"elementor-element elementor-element-f57c9aa elementor-widget elementor-widget-image\" data-id=\"f57c9aa\" data-element_type=\"widget\" data-widget_type=\"image.default\">\n\t\t\t\t\t\t\t\t\t\t\t\t\t\t\t<img decoding=\"async\" width=\"39\" height=\"39\" src=\"https:\/\/upperweb.com.br\/agropro\/wp-content\/uploads\/2025\/11\/apply-icon.svg\" class=\"attachment-large size-large wp-image-264\" alt=\"\" \/>\t\t\t\t\t\t\t\t\t\t\t\t\t\t\t<\/div>\n\t\t\t\t<\/div>\n\t\t<div class=\"elementor-element elementor-element-8d6f047 e-con-full e-flex e-con e-child\" data-id=\"8d6f047\" data-element_type=\"container\" data-settings=\"{&quot;_ha_eqh_enable&quot;:false}\">\n\t\t\t\t<div class=\"elementor-element elementor-element-51062c7 elementor-widget elementor-widget-text-editor\" data-id=\"51062c7\" data-element_type=\"widget\" data-widget_type=\"text-editor.default\">\n\t\t\t\t\t\t\t\t\tSolicite en el momento correcto\t\t\t\t\t\t\t\t<\/div>\n\t\t\t\t<div class=\"elementor-element elementor-element-e6cb9b0 elementor-widget elementor-widget-text-editor\" data-id=\"e6cb9b0\" data-element_type=\"widget\" data-widget_type=\"text-editor.default\">\n\t\t\t\t\t\t\t\t\tSi es necesario, reaccione en el momento adecuado, haciendo un uso racional de la defensa y la biodefensa.\t\t\t\t\t\t\t\t<\/div>\n\t\t\t\t<\/div>\n\t\t\t\t<\/div>\n\t\t<div class=\"elementor-element elementor-element-db212fe e-con-full animated-slow e-flex elementor-invisible e-con e-child\" data-id=\"db212fe\" data-element_type=\"container\" data-settings=\"{&quot;animation&quot;:&quot;fadeInRight&quot;,&quot;_ha_eqh_enable&quot;:false}\">\n\t\t<div class=\"elementor-element elementor-element-d05dab8 e-con-full e-flex e-con e-child\" data-id=\"d05dab8\" data-element_type=\"container\" data-settings=\"{&quot;_ha_eqh_enable&quot;:false}\">\n\t\t\t\t<div class=\"elementor-element elementor-element-9041e33 elementor-widget elementor-widget-image\" data-id=\"9041e33\" data-element_type=\"widget\" data-widget_type=\"image.default\">\n\t\t\t\t\t\t\t\t\t\t\t\t\t\t\t<img loading=\"lazy\" decoding=\"async\" width=\"39\" height=\"39\" src=\"https:\/\/upperweb.com.br\/agropro\/wp-content\/uploads\/2025\/11\/eficacy-icon-1.svg\" class=\"attachment-large size-large wp-image-265\" alt=\"\" \/>\t\t\t\t\t\t\t\t\t\t\t\t\t\t\t<\/div>\n\t\t\t\t<\/div>\n\t\t<div class=\"elementor-element elementor-element-982363b e-con-full e-flex e-con e-child\" data-id=\"982363b\" data-element_type=\"container\" data-settings=\"{&quot;_ha_eqh_enable&quot;:false}\">\n\t\t\t\t<div class=\"elementor-element elementor-element-a84ce54 elementor-widget elementor-widget-text-editor\" data-id=\"a84ce54\" data-element_type=\"widget\" data-widget_type=\"text-editor.default\">\n\t\t\t\t\t\t\t\t\tMida la efectividad de sus aplicaciones\t\t\t\t\t\t\t\t<\/div>\n\t\t\t\t<div class=\"elementor-element elementor-element-d70953c elementor-widget elementor-widget-text-editor\" data-id=\"d70953c\" data-element_type=\"widget\" data-widget_type=\"text-editor.default\">\n\t\t\t\t\t\t\t\t\tA\u00f1os de estudio ayudando a los productores de todo Brasil y probando la efectividad de los pesticidas en el campo nos han tra\u00eddo aqu\u00ed. Ponemos a su disposici\u00f3n esta tecnolog\u00eda para que tambi\u00e9n pueda comprender la efectividad de sus aplicaciones y productos usados.\t\t\t\t\t\t\t\t<\/div>\n\t\t\t\t<\/div>\n\t\t\t\t<\/div>\n\t\t<div class=\"elementor-element elementor-element-7bf7005 e-con-full animated-slow e-flex elementor-invisible e-con e-child\" data-id=\"7bf7005\" data-element_type=\"container\" data-settings=\"{&quot;animation&quot;:&quot;fadeInLeft&quot;,&quot;_ha_eqh_enable&quot;:false}\">\n\t\t<div class=\"elementor-element elementor-element-285b65a e-con-full e-flex e-con e-child\" data-id=\"285b65a\" data-element_type=\"container\" data-settings=\"{&quot;_ha_eqh_enable&quot;:false}\">\n\t\t\t\t<div class=\"elementor-element elementor-element-5aa5c81 elementor-widget elementor-widget-image\" data-id=\"5aa5c81\" data-element_type=\"widget\" data-widget_type=\"image.default\">\n\t\t\t\t\t\t\t\t\t\t\t\t\t\t\t<img loading=\"lazy\" decoding=\"async\" width=\"32\" height=\"39\" src=\"https:\/\/upperweb.com.br\/agropro\/wp-content\/uploads\/2025\/11\/management-icon.svg\" class=\"attachment-large size-large wp-image-267\" alt=\"\" \/>\t\t\t\t\t\t\t\t\t\t\t\t\t\t\t<\/div>\n\t\t\t\t<\/div>\n\t\t<div class=\"elementor-element elementor-element-e27a4f2 e-con-full e-flex e-con e-child\" data-id=\"e27a4f2\" data-element_type=\"container\" data-settings=\"{&quot;_ha_eqh_enable&quot;:false}\">\n\t\t\t\t<div class=\"elementor-element elementor-element-97d9545 elementor-widget elementor-widget-text-editor\" data-id=\"97d9545\" data-element_type=\"widget\" data-widget_type=\"text-editor.default\">\n\t\t\t\t\t\t\t\t\tManejo da resist\u00eancia\t\t\t\t\t\t\t\t<\/div>\n\t\t\t\t<div class=\"elementor-element elementor-element-fed53d1 elementor-widget elementor-widget-text-editor\" data-id=\"fed53d1\" data-element_type=\"widget\" data-widget_type=\"text-editor.default\">\n\t\t\t\t\t\t\t\t\tNo brinde posibilidades de plagas resistentes en su cultivo. Rastree cada aplicaci\u00f3n y gire las mol\u00e9culas para un control suave y sostenible.\t\t\t\t\t\t\t\t<\/div>\n\t\t\t\t<\/div>\n\t\t\t\t<\/div>\n\t\t<div class=\"elementor-element elementor-element-220ffec e-con-full animated-slow e-flex elementor-invisible e-con e-child\" data-id=\"220ffec\" data-element_type=\"container\" data-settings=\"{&quot;animation&quot;:&quot;fadeInRight&quot;,&quot;_ha_eqh_enable&quot;:false}\">\n\t\t<div class=\"elementor-element elementor-element-e62cf2f e-con-full e-flex e-con e-child\" data-id=\"e62cf2f\" data-element_type=\"container\" data-settings=\"{&quot;_ha_eqh_enable&quot;:false}\">\n\t\t\t\t<div class=\"elementor-element elementor-element-0869979 elementor-widget elementor-widget-image\" data-id=\"0869979\" data-element_type=\"widget\" data-widget_type=\"image.default\">\n\t\t\t\t\t\t\t\t\t\t\t\t\t\t\t<img loading=\"lazy\" decoding=\"async\" width=\"34\" height=\"37\" src=\"https:\/\/upperweb.com.br\/agropro\/wp-content\/uploads\/2025\/11\/sustentability-icon.svg\" class=\"attachment-large size-large wp-image-269\" alt=\"\" \/>\t\t\t\t\t\t\t\t\t\t\t\t\t\t\t<\/div>\n\t\t\t\t<\/div>\n\t\t<div class=\"elementor-element elementor-element-311fddb e-con-full e-flex e-con e-child\" data-id=\"311fddb\" data-element_type=\"container\" data-settings=\"{&quot;_ha_eqh_enable&quot;:false}\">\n\t\t\t\t<div class=\"elementor-element elementor-element-b80e3f0 elementor-widget elementor-widget-text-editor\" data-id=\"b80e3f0\" data-element_type=\"widget\" data-widget_type=\"text-editor.default\">\n\t\t\t\t\t\t\t\t\tSostenibilidad\t\t\t\t\t\t\t\t<\/div>\n\t\t\t\t<div class=\"elementor-element elementor-element-1411c13 elementor-widget elementor-widget-text-editor\" data-id=\"1411c13\" data-element_type=\"widget\" data-widget_type=\"text-editor.default\">\n\t\t\t\t\t\t\t\t\tEstar entre los productores de \u00e9lite que producen y se benefician respetando el medio ambiente y la sociedad.\t\t\t\t\t\t\t\t<\/div>\n\t\t\t\t<\/div>\n\t\t\t\t<\/div>\n\t\t\t\t\t<\/div>\n\t\t\t\t<\/div>\n\t\t<div class=\"elementor-element elementor-element-43fff25 e-flex e-con-boxed e-con e-parent\" data-id=\"43fff25\" data-element_type=\"container\" data-settings=\"{&quot;background_background&quot;:&quot;classic&quot;,&quot;_ha_eqh_enable&quot;:false}\">\n\t\t\t\t\t<div class=\"e-con-inner\">\n\t\t<div class=\"elementor-element elementor-element-fb10eea e-con-full e-flex e-con e-child\" data-id=\"fb10eea\" data-element_type=\"container\" data-settings=\"{&quot;_ha_eqh_enable&quot;:false}\">\n\t\t\t\t<div class=\"elementor-element elementor-element-cc8beae elementor-widget elementor-widget-text-editor\" data-id=\"cc8beae\" data-element_type=\"widget\" data-widget_type=\"text-editor.default\">\n\t\t\t\t\t\t\t\t\tHable con uno de nuestros consultores\t\t\t\t\t\t\t\t<\/div>\n\t\t\t\t<div class=\"elementor-element elementor-element-16577c4 elementor-widget elementor-widget-text-editor\" data-id=\"16577c4\" data-element_type=\"widget\" data-widget_type=\"text-editor.default\">\n\t\t\t\t\t\t\t\t\t<p>Contrata AgroPro Monitor\u00ae y maximiza tu productividad. Nuestro equipo de consultores est\u00e1 esperando su contacto.<\/p>\t\t\t\t\t\t\t\t<\/div>\n\t\t\t\t<div class=\"elementor-element elementor-element-3cd22dc elementor-button-align-stretch elementor-widget elementor-widget-form\" data-id=\"3cd22dc\" data-element_type=\"widget\" data-settings=\"{&quot;step_next_label&quot;:&quot;Pr\\u00f3ximo&quot;,&quot;step_previous_label&quot;:&quot;Anterior&quot;,&quot;button_width&quot;:&quot;100&quot;,&quot;step_type&quot;:&quot;number_text&quot;,&quot;step_icon_shape&quot;:&quot;circle&quot;}\" data-widget_type=\"form.default\">\n\t\t\t\t\t\t\t<form class=\"elementor-form\" method=\"post\" name=\"Novo formul\u00e1rio\" aria-label=\"Novo formul\u00e1rio\">\n\t\t\t<input type=\"hidden\" name=\"post_id\" value=\"372\"\/>\n\t\t\t<input type=\"hidden\" name=\"form_id\" value=\"3cd22dc\"\/>\n\t\t\t<input type=\"hidden\" name=\"referer_title\" value=\"granos\" \/>\n\n\t\t\t\t\t\t\t<input type=\"hidden\" name=\"queried_id\" value=\"372\"\/>\n\t\t\t\n\t\t\t<div class=\"elementor-form-fields-wrapper elementor-labels-above\">\n\t\t\t\t\t\t\t\t<div class=\"elementor-field-type-text elementor-field-group elementor-column elementor-field-group-name elementor-col-100\">\n\t\t\t\t\t\t\t\t\t\t\t\t<label for=\"form-field-name\" class=\"elementor-field-label\">\n\t\t\t\t\t\t\t\tNombre\t\t\t\t\t\t\t<\/label>\n\t\t\t\t\t\t\t\t\t\t\t\t\t\t<input size=\"1\" type=\"text\" name=\"form_fields[name]\" id=\"form-field-name\" class=\"elementor-field elementor-size-sm  elementor-field-textual\">\n\t\t\t\t\t\t\t\t\t\t\t<\/div>\n\t\t\t\t\t\t\t\t<div class=\"elementor-field-type-text elementor-field-group elementor-column elementor-field-group-field_aaff753 elementor-col-100\">\n\t\t\t\t\t\t\t\t\t\t\t\t<label for=\"form-field-field_aaff753\" class=\"elementor-field-label\">\n\t\t\t\t\t\t\t\tN\u00famero de tel\u00e9fono\t\t\t\t\t\t\t<\/label>\n\t\t\t\t\t\t\t\t\t\t\t\t\t\t<input size=\"1\" type=\"text\" name=\"form_fields[field_aaff753]\" id=\"form-field-field_aaff753\" class=\"elementor-field elementor-size-sm  elementor-field-textual\">\n\t\t\t\t\t\t\t\t\t\t\t<\/div>\n\t\t\t\t\t\t\t\t<div class=\"elementor-field-type-email elementor-field-group elementor-column elementor-field-group-email elementor-col-100 elementor-field-required\">\n\t\t\t\t\t\t\t\t\t\t\t\t<label for=\"form-field-email\" class=\"elementor-field-label\">\n\t\t\t\t\t\t\t\tE-mail\t\t\t\t\t\t\t<\/label>\n\t\t\t\t\t\t\t\t\t\t\t\t\t\t<input size=\"1\" type=\"email\" name=\"form_fields[email]\" id=\"form-field-email\" class=\"elementor-field elementor-size-sm  elementor-field-textual\" required=\"required\">\n\t\t\t\t\t\t\t\t\t\t\t<\/div>\n\t\t\t\t\t\t\t\t<div class=\"elementor-field-type-textarea elementor-field-group elementor-column elementor-field-group-message elementor-col-100\">\n\t\t\t\t\t\t\t\t\t\t\t\t<label for=\"form-field-message\" class=\"elementor-field-label\">\n\t\t\t\t\t\t\t\tMensaje\t\t\t\t\t\t\t<\/label>\n\t\t\t\t\t\t<textarea class=\"elementor-field-textual elementor-field  elementor-size-sm\" name=\"form_fields[message]\" id=\"form-field-message\" rows=\"4\"><\/textarea>\t\t\t\t<\/div>\n\t\t\t\t\t\t\t\t<div class=\"elementor-field-group elementor-column elementor-field-type-submit elementor-col-100 e-form__buttons\">\n\t\t\t\t\t<button class=\"elementor-button elementor-size-sm\" type=\"submit\">\n\t\t\t\t\t\t<span class=\"elementor-button-content-wrapper\">\n\t\t\t\t\t\t\t\t\t\t\t\t\t\t\t\t\t\t\t\t\t\t<span class=\"elementor-button-text\">Enviar<\/span>\n\t\t\t\t\t\t\t\t\t\t\t\t\t<\/span>\n\t\t\t\t\t<\/button>\n\t\t\t\t<\/div>\n\t\t\t<\/div>\n\t\t<\/form>\n\t\t\t\t\t\t<\/div>\n\t\t\t\t<div class=\"elementor-element elementor-element-e700024 elementor-widget elementor-widget-text-editor\" data-id=\"e700024\" data-element_type=\"widget\" data-widget_type=\"text-editor.default\">\n\t\t\t\t\t\t\t\t\tNuestro equipo de ventas devolver\u00e1 el contacto dentro de las 24 horas posteriores a la recepci\u00f3n del mensaje.\t\t\t\t\t\t\t\t<\/div>\n\t\t\t\t<\/div>\n\t\t\t\t\t<\/div>\n\t\t\t\t<\/div>\n\t\t\t\t<\/div>\n\t\t","protected":false},"excerpt":{"rendered":"<p>GranosReduzca costos y aumente la rentabilidad Aumenta tu rentabilidadEl monitoreo es clave para el uso racional de cualquier m\u00e9todo de control, ya sea biodefensivo o defensivo. A trav\u00e9s de los niveles de criticidad de AgroPro Monitor es posible saber si es realmente necesario aplicar. Aplique biopesticidas e monitore inimigos naturais com seguran\u00e7aEl monitoreo de plagas [&hellip;]<\/p>\n","protected":false},"author":1,"featured_media":0,"parent":327,"menu_order":0,"comment_status":"closed","ping_status":"closed","template":"","meta":{"footnotes":""},"class_list":["post-372","page","type-page","status-publish","hentry"],"_links":{"self":[{"href":"https:\/\/upperweb.com.br\/agropro\/wp-json\/wp\/v2\/pages\/372","targetHints":{"allow":["GET"]}}],"collection":[{"href":"https:\/\/upperweb.com.br\/agropro\/wp-json\/wp\/v2\/pages"}],"about":[{"href":"https:\/\/upperweb.com.br\/agropro\/wp-json\/wp\/v2\/types\/page"}],"author":[{"embeddable":true,"href":"https:\/\/upperweb.com.br\/agropro\/wp-json\/wp\/v2\/users\/1"}],"replies":[{"embeddable":true,"href":"https:\/\/upperweb.com.br\/agropro\/wp-json\/wp\/v2\/comments?post=372"}],"version-history":[{"count":7,"href":"https:\/\/upperweb.com.br\/agropro\/wp-json\/wp\/v2\/pages\/372\/revisions"}],"predecessor-version":[{"id":409,"href":"https:\/\/upperweb.com.br\/agropro\/wp-json\/wp\/v2\/pages\/372\/revisions\/409"}],"up":[{"embeddable":true,"href":"https:\/\/upperweb.com.br\/agropro\/wp-json\/wp\/v2\/pages\/327"}],"wp:attachment":[{"href":"https:\/\/upperweb.com.br\/agropro\/wp-json\/wp\/v2\/media?parent=372"}],"curies":[{"name":"wp","href":"https:\/\/api.w.org\/{rel}","templated":true}]}}