{"id":282,"date":"2025-11-22T02:46:19","date_gmt":"2025-11-22T02:46:19","guid":{"rendered":"https:\/\/upperweb.com.br\/agropro\/?page_id=282"},"modified":"2025-11-22T03:40:41","modified_gmt":"2025-11-22T03:40:41","slug":"hortifruti","status":"publish","type":"page","link":"https:\/\/upperweb.com.br\/agropro\/hortifruti\/","title":{"rendered":"hortifruti"},"content":{"rendered":"\t\t<div data-elementor-type=\"wp-page\" data-elementor-id=\"282\" class=\"elementor elementor-282\" data-elementor-settings=\"{&quot;ha_cmc_init_switcher&quot;:&quot;no&quot;}\" data-elementor-post-type=\"page\">\n\t\t\t\t<div class=\"elementor-element elementor-element-fc365f0 e-flex e-con-boxed e-con e-parent\" data-id=\"fc365f0\" data-element_type=\"container\" data-settings=\"{&quot;background_background&quot;:&quot;classic&quot;,&quot;_ha_eqh_enable&quot;:false}\">\n\t\t\t\t\t<div class=\"e-con-inner\">\n\t\t\t\t<div class=\"elementor-element elementor-element-327fda0 animated-slow elementor-invisible elementor-widget elementor-widget-text-editor\" data-id=\"327fda0\" data-element_type=\"widget\" data-settings=\"{&quot;_animation&quot;:&quot;fadeIn&quot;}\" data-widget_type=\"text-editor.default\">\n\t\t\t\t\t\t\t\t\t<p>Hortifruti<\/p>\t\t\t\t\t\t\t\t<\/div>\n\t\t\t\t<div class=\"elementor-element elementor-element-ba69d5f animated-slow elementor-invisible elementor-widget elementor-widget-text-editor\" data-id=\"ba69d5f\" data-element_type=\"widget\" data-settings=\"{&quot;_animation&quot;:&quot;fadeInUp&quot;}\" data-widget_type=\"text-editor.default\">\n\t\t\t\t\t\t\t\t\t<p>Rentabilidade e rastreabilidade com baixo ou nenhum residual qu\u00edmico<\/p>\t\t\t\t\t\t\t\t<\/div>\n\t\t\t\t\t<\/div>\n\t\t\t\t<\/div>\n\t\t<div class=\"elementor-element elementor-element-4a5c46b e-flex e-con-boxed e-con e-parent\" data-id=\"4a5c46b\" data-element_type=\"container\" data-settings=\"{&quot;_ha_eqh_enable&quot;:false}\">\n\t\t\t\t\t<div class=\"e-con-inner\">\n\t\t<div class=\"elementor-element elementor-element-b3434e7 e-con-full animated-slow e-flex elementor-invisible e-con e-child\" data-id=\"b3434e7\" data-element_type=\"container\" data-settings=\"{&quot;animation&quot;:&quot;fadeInLeft&quot;,&quot;_ha_eqh_enable&quot;:false}\">\n\t\t<div class=\"elementor-element elementor-element-83007be e-con-full e-flex e-con e-child\" data-id=\"83007be\" data-element_type=\"container\" data-settings=\"{&quot;_ha_eqh_enable&quot;:false}\">\n\t\t\t\t<div class=\"elementor-element elementor-element-b42211a elementor-widget elementor-widget-image\" data-id=\"b42211a\" data-element_type=\"widget\" data-widget_type=\"image.default\">\n\t\t\t\t\t\t\t\t\t\t\t\t\t\t\t<img decoding=\"async\" width=\"39\" height=\"33\" src=\"https:\/\/upperweb.com.br\/agropro\/wp-content\/uploads\/2025\/11\/rentability-icon.svg\" class=\"attachment-large size-large wp-image-268\" alt=\"\" \/>\t\t\t\t\t\t\t\t\t\t\t\t\t\t\t<\/div>\n\t\t\t\t<\/div>\n\t\t<div class=\"elementor-element elementor-element-4e1d71b e-con-full e-flex e-con e-child\" data-id=\"4e1d71b\" data-element_type=\"container\" data-settings=\"{&quot;_ha_eqh_enable&quot;:false}\">\n\t\t\t\t<div class=\"elementor-element elementor-element-50cc74f elementor-widget elementor-widget-text-editor\" data-id=\"50cc74f\" data-element_type=\"widget\" data-widget_type=\"text-editor.default\">\n\t\t\t\t\t\t\t\t\t<p>Aumente sua rentabilidade<\/p>\t\t\t\t\t\t\t\t<\/div>\n\t\t\t\t<div class=\"elementor-element elementor-element-35c9bc6 elementor-widget elementor-widget-text-editor\" data-id=\"35c9bc6\" data-element_type=\"widget\" data-widget_type=\"text-editor.default\">\n\t\t\t\t\t\t\t\t\t<p>O monitoramento \u00e9 chave para o uso racional de qualquer m\u00e9todo de controle, biodefensivos ou defensivos. Atrav\u00e9s dos n\u00edveis de criticidade do AgroPro Monitor \u00e9 poss\u00edvel saber se de fato \u00e9 necess\u00e1rio aplicar.<\/p>\t\t\t\t\t\t\t\t<\/div>\n\t\t\t\t<\/div>\n\t\t\t\t<\/div>\n\t\t<div class=\"elementor-element elementor-element-9850e5d e-con-full animated-slow e-flex elementor-invisible e-con e-child\" data-id=\"9850e5d\" data-element_type=\"container\" data-settings=\"{&quot;animation&quot;:&quot;fadeInRight&quot;,&quot;_ha_eqh_enable&quot;:false}\">\n\t\t<div class=\"elementor-element elementor-element-14de96f e-con-full e-flex e-con e-child\" data-id=\"14de96f\" data-element_type=\"container\" data-settings=\"{&quot;_ha_eqh_enable&quot;:false}\">\n\t\t\t\t<div class=\"elementor-element elementor-element-27e80f5 elementor-widget elementor-widget-image\" data-id=\"27e80f5\" data-element_type=\"widget\" data-widget_type=\"image.default\">\n\t\t\t\t\t\t\t\t\t\t\t\t\t\t\t<img decoding=\"async\" width=\"39\" height=\"39\" src=\"https:\/\/upperweb.com.br\/agropro\/wp-content\/uploads\/2025\/11\/traceability-icon.svg\" class=\"attachment-large size-large wp-image-288\" alt=\"\" \/>\t\t\t\t\t\t\t\t\t\t\t\t\t\t\t<\/div>\n\t\t\t\t<\/div>\n\t\t<div class=\"elementor-element elementor-element-9fddfd5 e-con-full e-flex e-con e-child\" data-id=\"9fddfd5\" data-element_type=\"container\" data-settings=\"{&quot;_ha_eqh_enable&quot;:false}\">\n\t\t\t\t<div class=\"elementor-element elementor-element-9953da4 elementor-widget elementor-widget-text-editor\" data-id=\"9953da4\" data-element_type=\"widget\" data-widget_type=\"text-editor.default\">\n\t\t\t\t\t\t\t\t\t<p>Rastreabilidade<\/p>\t\t\t\t\t\t\t\t<\/div>\n\t\t\t\t<div class=\"elementor-element elementor-element-5fd9c8b elementor-widget elementor-widget-text-editor\" data-id=\"5fd9c8b\" data-element_type=\"widget\" data-widget_type=\"text-editor.default\">\n\t\t\t\t\t\t\t\t\t<p>Monitore e controle a quantidade de defensivos aplicados. Tenha todos os registros e detalhes do que foi aplicado durante a safra.<\/p>\t\t\t\t\t\t\t\t<\/div>\n\t\t\t\t<\/div>\n\t\t\t\t<\/div>\n\t\t<div class=\"elementor-element elementor-element-e458f85 e-con-full animated-slow e-flex elementor-invisible e-con e-child\" data-id=\"e458f85\" data-element_type=\"container\" data-settings=\"{&quot;animation&quot;:&quot;fadeInLeft&quot;,&quot;_ha_eqh_enable&quot;:false}\">\n\t\t<div class=\"elementor-element elementor-element-46f9d06 e-con-full e-flex e-con e-child\" data-id=\"46f9d06\" data-element_type=\"container\" data-settings=\"{&quot;_ha_eqh_enable&quot;:false}\">\n\t\t\t\t<div class=\"elementor-element elementor-element-f57c9aa elementor-widget elementor-widget-image\" data-id=\"f57c9aa\" data-element_type=\"widget\" data-widget_type=\"image.default\">\n\t\t\t\t\t\t\t\t\t\t\t\t\t\t\t<img decoding=\"async\" width=\"40\" height=\"40\" src=\"https:\/\/upperweb.com.br\/agropro\/wp-content\/uploads\/2025\/11\/insect-and-bacterie-icon.svg\" class=\"attachment-large size-large wp-image-266\" alt=\"\" \/>\t\t\t\t\t\t\t\t\t\t\t\t\t\t\t<\/div>\n\t\t\t\t<\/div>\n\t\t<div class=\"elementor-element elementor-element-8d6f047 e-con-full e-flex e-con e-child\" data-id=\"8d6f047\" data-element_type=\"container\" data-settings=\"{&quot;_ha_eqh_enable&quot;:false}\">\n\t\t\t\t<div class=\"elementor-element elementor-element-51062c7 elementor-widget elementor-widget-text-editor\" data-id=\"51062c7\" data-element_type=\"widget\" data-widget_type=\"text-editor.default\">\n\t\t\t\t\t\t\t\t\t<p>Aplique biopesticidas e monitore inimigos naturais com seguran\u00e7a<\/p>\t\t\t\t\t\t\t\t<\/div>\n\t\t\t\t<div class=\"elementor-element elementor-element-e6cb9b0 elementor-widget elementor-widget-text-editor\" data-id=\"e6cb9b0\" data-element_type=\"widget\" data-widget_type=\"text-editor.default\">\n\t\t\t\t\t\t\t\t\t<p>O monitoramento de pragas \u00e9 essencial para a aplica\u00e7\u00e3o de biodefensivos e inimigos naturais. Por se tratar do emprego de organismos vivos no combate de outros, o momento correto de fazer uso destes produtos \u00e9 ainda mais importante. A capacidade de monitoramento refinada do AgroPro Monitor privilegia a utiliza\u00e7\u00e3o deste m\u00e9todo de controle.<\/p>\t\t\t\t\t\t\t\t<\/div>\n\t\t\t\t<\/div>\n\t\t\t\t<\/div>\n\t\t<div class=\"elementor-element elementor-element-db212fe e-con-full animated-slow e-flex elementor-invisible e-con e-child\" data-id=\"db212fe\" data-element_type=\"container\" data-settings=\"{&quot;animation&quot;:&quot;fadeInRight&quot;,&quot;_ha_eqh_enable&quot;:false}\">\n\t\t<div class=\"elementor-element elementor-element-d05dab8 e-con-full e-flex e-con e-child\" data-id=\"d05dab8\" data-element_type=\"container\" data-settings=\"{&quot;_ha_eqh_enable&quot;:false}\">\n\t\t\t\t<div class=\"elementor-element elementor-element-9041e33 elementor-widget elementor-widget-image\" data-id=\"9041e33\" data-element_type=\"widget\" data-widget_type=\"image.default\">\n\t\t\t\t\t\t\t\t\t\t\t\t\t\t\t<img loading=\"lazy\" decoding=\"async\" width=\"39\" height=\"39\" src=\"https:\/\/upperweb.com.br\/agropro\/wp-content\/uploads\/2025\/11\/residual-icon.svg\" class=\"attachment-large size-large wp-image-286\" alt=\"\" \/>\t\t\t\t\t\t\t\t\t\t\t\t\t\t\t<\/div>\n\t\t\t\t<\/div>\n\t\t<div class=\"elementor-element elementor-element-982363b e-con-full e-flex e-con e-child\" data-id=\"982363b\" data-element_type=\"container\" data-settings=\"{&quot;_ha_eqh_enable&quot;:false}\">\n\t\t\t\t<div class=\"elementor-element elementor-element-a84ce54 elementor-widget elementor-widget-text-editor\" data-id=\"a84ce54\" data-element_type=\"widget\" data-widget_type=\"text-editor.default\">\n\t\t\t\t\t\t\t\t\tResiduais qu\u00edmicos\t\t\t\t\t\t\t\t<\/div>\n\t\t\t\t<div class=\"elementor-element elementor-element-d70953c elementor-widget elementor-widget-text-editor\" data-id=\"d70953c\" data-element_type=\"widget\" data-widget_type=\"text-editor.default\">\n\t\t\t\t\t\t\t\t\t<p>Utilize mol\u00e9culas modernas e seletivas no controle qu\u00edmico e implemente uma estrat\u00e9gia de controle com biodefensivos e inimigos naturais. Em ambos os casos diminua ou at\u00e9 mesmo torne sua produ\u00e7\u00e3o livre de residuais qu\u00edmicos.<\/p>\t\t\t\t\t\t\t\t<\/div>\n\t\t\t\t<\/div>\n\t\t\t\t<\/div>\n\t\t<div class=\"elementor-element elementor-element-7bf7005 e-con-full animated-slow e-flex elementor-invisible e-con e-child\" data-id=\"7bf7005\" data-element_type=\"container\" data-settings=\"{&quot;animation&quot;:&quot;fadeInLeft&quot;,&quot;_ha_eqh_enable&quot;:false}\">\n\t\t<div class=\"elementor-element elementor-element-285b65a e-con-full e-flex e-con e-child\" data-id=\"285b65a\" data-element_type=\"container\" data-settings=\"{&quot;_ha_eqh_enable&quot;:false}\">\n\t\t\t\t<div class=\"elementor-element elementor-element-5aa5c81 elementor-widget elementor-widget-image\" data-id=\"5aa5c81\" data-element_type=\"widget\" data-widget_type=\"image.default\">\n\t\t\t\t\t\t\t\t\t\t\t\t\t\t\t<img loading=\"lazy\" decoding=\"async\" width=\"39\" height=\"39\" src=\"https:\/\/upperweb.com.br\/agropro\/wp-content\/uploads\/2025\/11\/apply-icon.svg\" class=\"attachment-large size-large wp-image-264\" alt=\"\" \/>\t\t\t\t\t\t\t\t\t\t\t\t\t\t\t<\/div>\n\t\t\t\t<\/div>\n\t\t<div class=\"elementor-element elementor-element-e27a4f2 e-con-full e-flex e-con e-child\" data-id=\"e27a4f2\" data-element_type=\"container\" data-settings=\"{&quot;_ha_eqh_enable&quot;:false}\">\n\t\t\t\t<div class=\"elementor-element elementor-element-97d9545 elementor-widget elementor-widget-text-editor\" data-id=\"97d9545\" data-element_type=\"widget\" data-widget_type=\"text-editor.default\">\n\t\t\t\t\t\t\t\t\t<p>Aplique pesticidas com precis\u00e3o, economizando at\u00e9 mesmo durante a aplica\u00e7\u00e3o<\/p>\t\t\t\t\t\t\t\t<\/div>\n\t\t\t\t<div class=\"elementor-element elementor-element-fed53d1 elementor-widget elementor-widget-text-editor\" data-id=\"fed53d1\" data-element_type=\"widget\" data-widget_type=\"text-editor.default\">\n\t\t\t\t\t\t\t\t\t<p>Caso seja necess\u00e1rio reaja no tempo certo fazendo o uso racional e localizado dos m\u00e9todos de controle. Nossos resultados s\u00e3o precisos e detalhados, muitas vezes permitindo aplica\u00e7\u00f5es em \u00e1rea espec\u00edfica.<\/p>\t\t\t\t\t\t\t\t<\/div>\n\t\t\t\t<\/div>\n\t\t\t\t<\/div>\n\t\t<div class=\"elementor-element elementor-element-220ffec e-con-full animated-slow e-flex elementor-invisible e-con e-child\" data-id=\"220ffec\" data-element_type=\"container\" data-settings=\"{&quot;animation&quot;:&quot;fadeInRight&quot;,&quot;_ha_eqh_enable&quot;:false}\">\n\t\t<div class=\"elementor-element elementor-element-e62cf2f e-con-full e-flex e-con e-child\" data-id=\"e62cf2f\" data-element_type=\"container\" data-settings=\"{&quot;_ha_eqh_enable&quot;:false}\">\n\t\t\t\t<div class=\"elementor-element elementor-element-0869979 elementor-widget elementor-widget-image\" data-id=\"0869979\" data-element_type=\"widget\" data-widget_type=\"image.default\">\n\t\t\t\t\t\t\t\t\t\t\t\t\t\t\t<img loading=\"lazy\" decoding=\"async\" width=\"39\" height=\"39\" src=\"https:\/\/upperweb.com.br\/agropro\/wp-content\/uploads\/2025\/11\/eficacy-icon-1.svg\" class=\"attachment-large size-large wp-image-265\" alt=\"\" \/>\t\t\t\t\t\t\t\t\t\t\t\t\t\t\t<\/div>\n\t\t\t\t<\/div>\n\t\t<div class=\"elementor-element elementor-element-311fddb e-con-full e-flex e-con e-child\" data-id=\"311fddb\" data-element_type=\"container\" data-settings=\"{&quot;_ha_eqh_enable&quot;:false}\">\n\t\t\t\t<div class=\"elementor-element elementor-element-b80e3f0 elementor-widget elementor-widget-text-editor\" data-id=\"b80e3f0\" data-element_type=\"widget\" data-widget_type=\"text-editor.default\">\n\t\t\t\t\t\t\t\t\t<p>Avalie a efic\u00e1cia de suas aplica\u00e7\u00f5es<\/p>\t\t\t\t\t\t\t\t<\/div>\n\t\t\t\t<div class=\"elementor-element elementor-element-1411c13 elementor-widget elementor-widget-text-editor\" data-id=\"1411c13\" data-element_type=\"widget\" data-widget_type=\"text-editor.default\">\n\t\t\t\t\t\t\t\t\t<p>Anos de estudo auxiliando produtores de todo Brasil e testando a efic\u00e1cia de defensivos em campo nos trouxeram at\u00e9 aqui. Disponibilizamos esta tecnologia para voc\u00ea tamb\u00e9m consiga entender a efic\u00e1cia de suas aplica\u00e7\u00f5es e produtos utilizados.<\/p>\t\t\t\t\t\t\t\t<\/div>\n\t\t\t\t<\/div>\n\t\t\t\t<\/div>\n\t\t<div class=\"elementor-element elementor-element-ad165d9 e-con-full animated-slow e-flex elementor-invisible e-con e-child\" data-id=\"ad165d9\" data-element_type=\"container\" data-settings=\"{&quot;animation&quot;:&quot;fadeInLeft&quot;,&quot;_ha_eqh_enable&quot;:false}\">\n\t\t<div class=\"elementor-element elementor-element-166df52 e-con-full e-flex e-con e-child\" data-id=\"166df52\" data-element_type=\"container\" data-settings=\"{&quot;_ha_eqh_enable&quot;:false}\">\n\t\t\t\t<div class=\"elementor-element elementor-element-195a9d4 elementor-widget elementor-widget-image\" data-id=\"195a9d4\" data-element_type=\"widget\" data-widget_type=\"image.default\">\n\t\t\t\t\t\t\t\t\t\t\t\t\t\t\t<img loading=\"lazy\" decoding=\"async\" width=\"16\" height=\"39\" src=\"https:\/\/upperweb.com.br\/agropro\/wp-content\/uploads\/2025\/11\/resistance-management-icon.svg\" class=\"attachment-large size-large wp-image-287\" alt=\"\" \/>\t\t\t\t\t\t\t\t\t\t\t\t\t\t\t<\/div>\n\t\t\t\t<\/div>\n\t\t<div class=\"elementor-element elementor-element-6511d0d e-con-full e-flex e-con e-child\" data-id=\"6511d0d\" data-element_type=\"container\" data-settings=\"{&quot;_ha_eqh_enable&quot;:false}\">\n\t\t\t\t<div class=\"elementor-element elementor-element-8fe175e elementor-widget elementor-widget-text-editor\" data-id=\"8fe175e\" data-element_type=\"widget\" data-widget_type=\"text-editor.default\">\n\t\t\t\t\t\t\t\t\t<p>Manejo da resist\u00eancia<\/p>\t\t\t\t\t\t\t\t<\/div>\n\t\t\t\t<div class=\"elementor-element elementor-element-20d1dd9 elementor-widget elementor-widget-text-editor\" data-id=\"20d1dd9\" data-element_type=\"widget\" data-widget_type=\"text-editor.default\">\n\t\t\t\t\t\t\t\t\tN\u00e3o d\u00ea chances para pragas resistentes em sua lavoura. Acompanhe cada aplica\u00e7\u00e3o e rotacione mol\u00e9culas para um controle tranquilo e sustent\u00e1vel.\t\t\t\t\t\t\t\t<\/div>\n\t\t\t\t<\/div>\n\t\t\t\t<\/div>\n\t\t<div class=\"elementor-element elementor-element-9fed791 e-con-full animated-slow e-flex elementor-invisible e-con e-child\" data-id=\"9fed791\" data-element_type=\"container\" data-settings=\"{&quot;animation&quot;:&quot;fadeInRight&quot;,&quot;_ha_eqh_enable&quot;:false}\">\n\t\t<div class=\"elementor-element elementor-element-85a8e25 e-con-full e-flex e-con e-child\" data-id=\"85a8e25\" data-element_type=\"container\" data-settings=\"{&quot;_ha_eqh_enable&quot;:false}\">\n\t\t\t\t<div class=\"elementor-element elementor-element-0ca6782 elementor-widget elementor-widget-image\" data-id=\"0ca6782\" data-element_type=\"widget\" data-widget_type=\"image.default\">\n\t\t\t\t\t\t\t\t\t\t\t\t\t\t\t<img loading=\"lazy\" decoding=\"async\" width=\"34\" height=\"37\" src=\"https:\/\/upperweb.com.br\/agropro\/wp-content\/uploads\/2025\/11\/sustentability-icon.svg\" class=\"attachment-large size-large wp-image-269\" alt=\"\" \/>\t\t\t\t\t\t\t\t\t\t\t\t\t\t\t<\/div>\n\t\t\t\t<\/div>\n\t\t<div class=\"elementor-element elementor-element-34b63b7 e-con-full e-flex e-con e-child\" data-id=\"34b63b7\" data-element_type=\"container\" data-settings=\"{&quot;_ha_eqh_enable&quot;:false}\">\n\t\t\t\t<div class=\"elementor-element elementor-element-a652473 elementor-widget elementor-widget-text-editor\" data-id=\"a652473\" data-element_type=\"widget\" data-widget_type=\"text-editor.default\">\n\t\t\t\t\t\t\t\t\t<p>Sustentabilidade<\/p>\t\t\t\t\t\t\t\t<\/div>\n\t\t\t\t<div class=\"elementor-element elementor-element-1316070 elementor-widget elementor-widget-text-editor\" data-id=\"1316070\" data-element_type=\"widget\" data-widget_type=\"text-editor.default\">\n\t\t\t\t\t\t\t\t\t<p>Esteja entre os produtores de elite que produzem e lucram respeitando o meio ambiente e a sociedade.<\/p>\t\t\t\t\t\t\t\t<\/div>\n\t\t\t\t<\/div>\n\t\t\t\t<\/div>\n\t\t\t\t\t<\/div>\n\t\t\t\t<\/div>\n\t\t<div class=\"elementor-element elementor-element-c701565 e-flex e-con-boxed e-con e-parent\" data-id=\"c701565\" data-element_type=\"container\" data-settings=\"{&quot;background_background&quot;:&quot;classic&quot;,&quot;_ha_eqh_enable&quot;:false}\">\n\t\t\t\t\t<div class=\"e-con-inner\">\n\t\t<div class=\"elementor-element elementor-element-21025ed e-con-full e-flex e-con e-child\" data-id=\"21025ed\" data-element_type=\"container\" data-settings=\"{&quot;_ha_eqh_enable&quot;:false}\">\n\t\t\t\t<div class=\"elementor-element elementor-element-d32bd4f elementor-widget elementor-widget-text-editor\" data-id=\"d32bd4f\" data-element_type=\"widget\" data-widget_type=\"text-editor.default\">\n\t\t\t\t\t\t\t\t\tFale com um de nossos<br> consultores\t\t\t\t\t\t\t\t<\/div>\n\t\t\t\t<div class=\"elementor-element elementor-element-24afcad elementor-widget elementor-widget-text-editor\" data-id=\"24afcad\" data-element_type=\"widget\" data-widget_type=\"text-editor.default\">\n\t\t\t\t\t\t\t\t\t<p>Contrate o AgroPro Monitor\u00ae e maximize sua produtividade. Nossa equipe de consultores est\u00e1 aguardando o seu contato.<\/p>\t\t\t\t\t\t\t\t<\/div>\n\t\t\t\t<div class=\"elementor-element elementor-element-abeeeab elementor-button-align-stretch elementor-widget elementor-widget-form\" data-id=\"abeeeab\" data-element_type=\"widget\" data-settings=\"{&quot;step_next_label&quot;:&quot;Pr\\u00f3ximo&quot;,&quot;step_previous_label&quot;:&quot;Anterior&quot;,&quot;button_width&quot;:&quot;100&quot;,&quot;step_type&quot;:&quot;number_text&quot;,&quot;step_icon_shape&quot;:&quot;circle&quot;}\" data-widget_type=\"form.default\">\n\t\t\t\t\t\t\t<form class=\"elementor-form\" method=\"post\" name=\"Novo formul\u00e1rio\" aria-label=\"Novo formul\u00e1rio\">\n\t\t\t<input type=\"hidden\" name=\"post_id\" value=\"282\"\/>\n\t\t\t<input type=\"hidden\" name=\"form_id\" value=\"abeeeab\"\/>\n\t\t\t<input type=\"hidden\" name=\"referer_title\" value=\"hortifruti\" \/>\n\n\t\t\t\t\t\t\t<input type=\"hidden\" name=\"queried_id\" value=\"282\"\/>\n\t\t\t\n\t\t\t<div class=\"elementor-form-fields-wrapper elementor-labels-above\">\n\t\t\t\t\t\t\t\t<div class=\"elementor-field-type-text elementor-field-group elementor-column elementor-field-group-name elementor-col-100\">\n\t\t\t\t\t\t\t\t\t\t\t\t<label for=\"form-field-name\" class=\"elementor-field-label\">\n\t\t\t\t\t\t\t\tNome\t\t\t\t\t\t\t<\/label>\n\t\t\t\t\t\t\t\t\t\t\t\t\t\t<input size=\"1\" type=\"text\" name=\"form_fields[name]\" id=\"form-field-name\" class=\"elementor-field elementor-size-sm  elementor-field-textual\">\n\t\t\t\t\t\t\t\t\t\t\t<\/div>\n\t\t\t\t\t\t\t\t<div class=\"elementor-field-type-text elementor-field-group elementor-column elementor-field-group-field_aaff753 elementor-col-100\">\n\t\t\t\t\t\t\t\t\t\t\t\t<label for=\"form-field-field_aaff753\" class=\"elementor-field-label\">\n\t\t\t\t\t\t\t\tTelefone\t\t\t\t\t\t\t<\/label>\n\t\t\t\t\t\t\t\t\t\t\t\t\t\t<input size=\"1\" type=\"text\" name=\"form_fields[field_aaff753]\" id=\"form-field-field_aaff753\" class=\"elementor-field elementor-size-sm  elementor-field-textual\">\n\t\t\t\t\t\t\t\t\t\t\t<\/div>\n\t\t\t\t\t\t\t\t<div class=\"elementor-field-type-email elementor-field-group elementor-column elementor-field-group-email elementor-col-100 elementor-field-required\">\n\t\t\t\t\t\t\t\t\t\t\t\t<label for=\"form-field-email\" class=\"elementor-field-label\">\n\t\t\t\t\t\t\t\tE-mail\t\t\t\t\t\t\t<\/label>\n\t\t\t\t\t\t\t\t\t\t\t\t\t\t<input size=\"1\" type=\"email\" name=\"form_fields[email]\" id=\"form-field-email\" class=\"elementor-field elementor-size-sm  elementor-field-textual\" required=\"required\">\n\t\t\t\t\t\t\t\t\t\t\t<\/div>\n\t\t\t\t\t\t\t\t<div class=\"elementor-field-type-textarea elementor-field-group elementor-column elementor-field-group-message elementor-col-100\">\n\t\t\t\t\t\t\t\t\t\t\t\t<label for=\"form-field-message\" class=\"elementor-field-label\">\n\t\t\t\t\t\t\t\tMensagem\t\t\t\t\t\t\t<\/label>\n\t\t\t\t\t\t<textarea class=\"elementor-field-textual elementor-field  elementor-size-sm\" name=\"form_fields[message]\" id=\"form-field-message\" rows=\"4\"><\/textarea>\t\t\t\t<\/div>\n\t\t\t\t\t\t\t\t<div class=\"elementor-field-group elementor-column elementor-field-type-submit elementor-col-100 e-form__buttons\">\n\t\t\t\t\t<button class=\"elementor-button elementor-size-sm\" type=\"submit\">\n\t\t\t\t\t\t<span class=\"elementor-button-content-wrapper\">\n\t\t\t\t\t\t\t\t\t\t\t\t\t\t\t\t\t\t\t\t\t\t<span class=\"elementor-button-text\">Enviar<\/span>\n\t\t\t\t\t\t\t\t\t\t\t\t\t<\/span>\n\t\t\t\t\t<\/button>\n\t\t\t\t<\/div>\n\t\t\t<\/div>\n\t\t<\/form>\n\t\t\t\t\t\t<\/div>\n\t\t\t\t<div class=\"elementor-element elementor-element-605ba7d elementor-widget elementor-widget-text-editor\" data-id=\"605ba7d\" data-element_type=\"widget\" data-widget_type=\"text-editor.default\">\n\t\t\t\t\t\t\t\t\tNossa equipe comercial retornar\u00e1 o contato em at\u00e9 24 horas ap\u00f3s o recebimento da mensagem.\t\t\t\t\t\t\t\t<\/div>\n\t\t\t\t<\/div>\n\t\t\t\t\t<\/div>\n\t\t\t\t<\/div>\n\t\t\t\t<\/div>\n\t\t","protected":false},"excerpt":{"rendered":"<p>Hortifruti Rentabilidade e rastreabilidade com baixo ou nenhum residual qu\u00edmico Aumente sua rentabilidade O monitoramento \u00e9 chave para o uso racional de qualquer m\u00e9todo de controle, biodefensivos ou defensivos. Atrav\u00e9s dos n\u00edveis de criticidade do AgroPro Monitor \u00e9 poss\u00edvel saber se de fato \u00e9 necess\u00e1rio aplicar. Rastreabilidade Monitore e controle a quantidade de defensivos aplicados. [&hellip;]<\/p>\n","protected":false},"author":1,"featured_media":0,"parent":0,"menu_order":0,"comment_status":"closed","ping_status":"closed","template":"","meta":{"footnotes":""},"class_list":["post-282","page","type-page","status-publish","hentry"],"_links":{"self":[{"href":"https:\/\/upperweb.com.br\/agropro\/wp-json\/wp\/v2\/pages\/282","targetHints":{"allow":["GET"]}}],"collection":[{"href":"https:\/\/upperweb.com.br\/agropro\/wp-json\/wp\/v2\/pages"}],"about":[{"href":"https:\/\/upperweb.com.br\/agropro\/wp-json\/wp\/v2\/types\/page"}],"author":[{"embeddable":true,"href":"https:\/\/upperweb.com.br\/agropro\/wp-json\/wp\/v2\/users\/1"}],"replies":[{"embeddable":true,"href":"https:\/\/upperweb.com.br\/agropro\/wp-json\/wp\/v2\/comments?post=282"}],"version-history":[{"count":10,"href":"https:\/\/upperweb.com.br\/agropro\/wp-json\/wp\/v2\/pages\/282\/revisions"}],"predecessor-version":[{"id":345,"href":"https:\/\/upperweb.com.br\/agropro\/wp-json\/wp\/v2\/pages\/282\/revisions\/345"}],"wp:attachment":[{"href":"https:\/\/upperweb.com.br\/agropro\/wp-json\/wp\/v2\/media?parent=282"}],"curies":[{"name":"wp","href":"https:\/\/api.w.org\/{rel}","templated":true}]}}